{"id":18,"date":"2021-11-18T13:31:29","date_gmt":"2021-11-18T12:31:29","guid":{"rendered":"http:\/\/ptg-e.warszawa.pl\/?page_id=18"},"modified":"2021-12-31T14:39:07","modified_gmt":"2021-12-31T13:39:07","slug":"o-nas","status":"publish","type":"page","link":"https:\/\/ptg-e.warszawa.pl\/index.php\/o-nas\/","title":{"rendered":"O nas"},"content":{"rendered":"\n<p class=\"has-medium-font-size\"><strong>Oddzia\u0142 Warszawski Polskiego Towarzystwa Gastroenterologii<\/strong><\/p>\n\n\n\n<p><em>Biuro Zarz\u0105du:&nbsp;ul. Wo\u0142oska 137, 02-507 Warszawa, <br>Klinika Chor\u00f3b Wewn\u0119trznych i Gastroenterologii&nbsp;CSK MSWiA w Warszawie<em>, <br><\/em>tel: 22&nbsp;508 12 40; fax: 22&nbsp;508 10 44, www.ptg-e.warszawa.pl,&nbsp;&nbsp;e-mail: biuro@ptg-e.warszawa.pl<\/em><strong><em><em> <br><\/em><\/em><\/strong>Numer rachunku bankowego 92 1240 2135 1111 0010 2588 3461 <\/p>\n\n\n\n<p><strong>Zarz\u0105d Oddzia\u0142u:<\/strong><\/p>\n\n\n\n<ul class=\"wp-block-list\"><li>Prezes \u2013 prof. dr hab. n. med. Gra\u017cyna Rydzewska<\/li><li>Wiceprezes &#8211; dr hab. n. med. Adam Przyby\u0142kowski<\/li><li>Sekretarz \u2013 dr n. med Magdalena Kaniewska<\/li><li>Skarbnik \u2013 dr n. med. W\u0142odzimierz Zych<\/li><li>dr Adam Koprowski<\/li><li>dr Micha\u0142 Ko\u017cuch<\/li><li>dr n. med Anna Pietrzak<\/li><\/ul>\n\n\n\n<p><strong>Komisja Rewizyjna<\/strong><\/p>\n\n\n\n<ul class=\"wp-block-list\"><li>dr Tomasz Bobi\u0144ski<\/li><li>dr Dorota Baczewska-Mazurkiewicz<\/li><li>dr Jan Ha\u0142abuda<\/li><\/ul>\n\n\n\n<p><strong>Delegaci na Zwyczajny Walny Zjazd Delegat\u00f3w<\/strong><\/p>\n\n\n\n<p>Wszyscy cz\u0142onkowie Zarz\u0105du i Komisji Rewizyjnej oraz:<\/p>\n\n\n\n<ul class=\"wp-block-list\"><li>prof. dr. hab. Miros\u0142aw Jarosz<\/li><li>prof. dr hab. Jaros\u0142aw Regu\u0142a<\/li><li>dr Krystian \u017buk<\/li><\/ul>\n","protected":false},"excerpt":{"rendered":"<p>Oddzia\u0142 Warszawski Polskiego Towarzystwa Gastroenterologii Biuro Zarz\u0105du:&nbsp;ul. Wo\u0142oska 137, 02-507 Warszawa, Klinika Chor\u00f3b Wewn\u0119trznych i Gastroenterologii&nbsp;CSK MSWiA w Warszawie, tel:<\/p>\n","protected":false},"author":1,"featured_media":0,"parent":0,"menu_order":0,"comment_status":"closed","ping_status":"closed","template":"","meta":{"footnotes":""},"class_list":["post-18","page","type-page","status-publish","hentry","comments-off"],"_links":{"self":[{"href":"https:\/\/ptg-e.warszawa.pl\/index.php\/wp-json\/wp\/v2\/pages\/18","targetHints":{"allow":["GET"]}}],"collection":[{"href":"https:\/\/ptg-e.warszawa.pl\/index.php\/wp-json\/wp\/v2\/pages"}],"about":[{"href":"https:\/\/ptg-e.warszawa.pl\/index.php\/wp-json\/wp\/v2\/types\/page"}],"author":[{"embeddable":true,"href":"https:\/\/ptg-e.warszawa.pl\/index.php\/wp-json\/wp\/v2\/users\/1"}],"replies":[{"embeddable":true,"href":"https:\/\/ptg-e.warszawa.pl\/index.php\/wp-json\/wp\/v2\/comments?post=18"}],"version-history":[{"count":8,"href":"https:\/\/ptg-e.warszawa.pl\/index.php\/wp-json\/wp\/v2\/pages\/18\/revisions"}],"predecessor-version":[{"id":74,"href":"https:\/\/ptg-e.warszawa.pl\/index.php\/wp-json\/wp\/v2\/pages\/18\/revisions\/74"}],"wp:attachment":[{"href":"https:\/\/ptg-e.warszawa.pl\/index.php\/wp-json\/wp\/v2\/media?parent=18"}],"curies":[{"name":"wp","href":"https:\/\/api.w.org\/{rel}","templated":true}]}}