{"id":61,"date":"2021-12-16T08:55:15","date_gmt":"2021-12-16T07:55:15","guid":{"rendered":"http:\/\/ptg-e.warszawa.pl\/?page_id=61"},"modified":"2025-12-24T12:13:36","modified_gmt":"2025-12-24T11:13:36","slug":"czlonkowstwo","status":"publish","type":"page","link":"https:\/\/ptg-e.warszawa.pl\/index.php\/czlonkowstwo\/","title":{"rendered":"Cz\u0142onkowstwo"},"content":{"rendered":"\n<p>Szanowni Pa\u0144stwo,<\/p>\n\n\n\n<p>uprzejmie informujemy o zmianach dotycz\u0105cych zasad rejestracji oraz op\u0142acania sk\u0142adek cz\u0142onkowskich, wynikaj\u0105cych z nowelizacji Statutu oraz uchwa\u0142 podj\u0119tych podczas posiedzenia Zarz\u0105du G\u0142\u00f3wnego w dniu 21 listopada 2025 r.<br><br>Najwa\u017cniejsze zmiany obejmuj\u0105:<br><br>zmian\u0119 sposobu rejestracji do Towarzystwa \u2013 pocz\u0105wszy od sk\u0142adki za rok 2026 rejestracja b\u0119dzie mo\u017cliwa wy\u0142\u0105cznie poprzez formularz dost\u0119pny na stronie internetowej:&nbsp;<a href=\"https:\/\/ptg-e.org.pl\/\">https:\/\/ptg-e.org.pl\/<\/a>;<br><br>op\u0142acanie sk\u0142adek odbywa\u0107 si\u0119 b\u0119dzie za po\u015brednictwem platformy PAY-U w ramach procesu rejestracyjnego na stronie&nbsp;<a href=\"https:\/\/ptg-e.org.pl\/\">https:\/\/ptg-e.org.pl\/<\/a>; dotyczy to r\u00f3wnie\u017c odnawiania cz\u0142onkostwa w kolejnych latach, w tym tak\u017ce cz\u0142onk\u00f3w zarejestrowanych wcze\u015bniej w inny spos\u00f3b;<br><br>wysoko\u015b\u0107 sk\u0142adki rocznej wynosi 150 z\u0142, z czego 90 z\u0142 zostaje automatycznie przekazane na konto w\u0142a\u015bciwego Oddzia\u0142u, a 60 z\u0142 na konto Zarz\u0105du G\u0142\u00f3wnego; podzia\u0142 \u015brodk\u00f3w oraz przelewy realizowane b\u0119d\u0105 automatycznie przez platform\u0119 PAY-U;<br><br>notyfikacje dotycz\u0105ce op\u0142acenia sk\u0142adek b\u0119d\u0105 przekazywane kwartalnie lub na bie\u017c\u0105co \u2013 w zale\u017cno\u015bci od mo\u017cliwo\u015bci technicznych platformy rejestracyjnej; o szczeg\u00f3\u0142ach poinformujemy w kolejnych komunikatach;<br><br>cz\u0142onkostwo ustaje w przypadku nieop\u0142acenia sk\u0142adki za dany rok kalendarzowy; warunkiem zachowania ci\u0105g\u0142o\u015bci cz\u0142onkostwa jest terminowe uregulowanie sk\u0142adki na kolejny rok.<br><br>24.12.2025<\/p>\n","protected":false},"excerpt":{"rendered":"<p>Szanowni Pa\u0144stwo, uprzejmie informujemy o zmianach dotycz\u0105cych zasad rejestracji oraz op\u0142acania sk\u0142adek cz\u0142onkowskich, wynikaj\u0105cych z nowelizacji Statutu oraz uchwa\u0142 podj\u0119tych<\/p>\n","protected":false},"author":1,"featured_media":0,"parent":0,"menu_order":0,"comment_status":"closed","ping_status":"closed","template":"","meta":{"footnotes":""},"class_list":["post-61","page","type-page","status-publish","hentry","comments-off"],"_links":{"self":[{"href":"https:\/\/ptg-e.warszawa.pl\/index.php\/wp-json\/wp\/v2\/pages\/61","targetHints":{"allow":["GET"]}}],"collection":[{"href":"https:\/\/ptg-e.warszawa.pl\/index.php\/wp-json\/wp\/v2\/pages"}],"about":[{"href":"https:\/\/ptg-e.warszawa.pl\/index.php\/wp-json\/wp\/v2\/types\/page"}],"author":[{"embeddable":true,"href":"https:\/\/ptg-e.warszawa.pl\/index.php\/wp-json\/wp\/v2\/users\/1"}],"replies":[{"embeddable":true,"href":"https:\/\/ptg-e.warszawa.pl\/index.php\/wp-json\/wp\/v2\/comments?post=61"}],"version-history":[{"count":7,"href":"https:\/\/ptg-e.warszawa.pl\/index.php\/wp-json\/wp\/v2\/pages\/61\/revisions"}],"predecessor-version":[{"id":187,"href":"https:\/\/ptg-e.warszawa.pl\/index.php\/wp-json\/wp\/v2\/pages\/61\/revisions\/187"}],"wp:attachment":[{"href":"https:\/\/ptg-e.warszawa.pl\/index.php\/wp-json\/wp\/v2\/media?parent=61"}],"curies":[{"name":"wp","href":"https:\/\/api.w.org\/{rel}","templated":true}]}}